{"id":112,"date":"2015-02-07T14:30:16","date_gmt":"2015-02-07T14:30:16","guid":{"rendered":"http:\/\/new.sturmvogel.ch\/?page_id=112"},"modified":"2016-10-24T17:07:09","modified_gmt":"2016-10-24T15:07:09","slug":"impressum","status":"publish","type":"page","link":"https:\/\/www.pfadi-kreuzlingen.ch\/cms\/impressum\/","title":{"rendered":"Impressum"},"content":{"rendered":"<ul class=\"nav nav-tabs\">\n<li><a href=\"#kontakt\">Kontaktadresse<\/a><\/li>\n<li><a href=\"#webmaster\">Webmaster<\/a><\/li>\n<li><a href=\"#haftungsausschluss\"> Haftungsausschluss<\/a><\/li>\n<li><a href=\"#links\">Haftung f\u00fcr Links<\/a><\/li>\n<li><a href=\"#urheberrechte\">Urheberrechte<\/a><\/li>\n<li><a href=\"#datenschutz\">Datenschutz<\/a><\/li>\n<\/ul>\n<p>&nbsp;<\/p>\n<div class=\"row\">\n<div class=\"col-md-2 col-xs-12\"><a id=\"kontakt\"><\/a><strong>Kontaktadresse<\/strong><\/div>\n<div class=\"col-md-10 col-xs-12\">Pfadi Sturmvogel Kreuzlingen<br \/>\nM\u00fchlestr. 16<br \/>\n8280 Kreuzlingen<br \/>\nSchweiz<\/div>\n<\/div>\n<p>&nbsp;<\/p>\n<div class=\"row\">\n<div class=\"col-md-2 col-xs-12\"><a id=\"webmaster\"><\/a><strong>Webmaster<\/strong><\/div>\n<div class=\"col-md-10 col-xs-12\"><a href=\"mailto:webmaster@pfadi-kreuzlingen.ch\">webmaster@pfadi-kreuzlingen.ch<\/a><\/div>\n<\/div>\n<p>&nbsp;<\/p>\n<div class=\"row\">\n<div class=\"col-md-2 col-xs-12\"><a id=\"kontakt\"><\/a><strong>Haftungsausschluss<\/strong><\/div>\n<div class=\"col-md-10 col-xs-12\">Der Autor \u00fcbernimmt keinerlei Gew\u00e4hr hinsichtlich der inhaltlichen Richtigkeit, Genauigkeit, Aktualit\u00e4t, Zuverl\u00e4ssigkeit und Vollst\u00e4ndigkeit der Informationen.<br \/>\nHaftungsanspr\u00fcche gegen den Autor wegen Sch\u00e4den materieller oder immaterieller Art, welche aus dem Zugriff oder der Nutzung bzw. Nichtnutzung der ver\u00f6ffentlichten Informationen, durch Missbrauch der Verbindung oder durch technische St\u00f6rungen entstanden sind, werden ausgeschlossen.<br \/>\nAlle Angebote sind unverbindlich. Der Autor beh\u00e4lt es sich ausdr\u00fccklich vor, Teile der Seiten oder das gesamte Angebot ohne gesonderte Ank\u00fcndigung zu ver\u00e4ndern, zu erg\u00e4nzen, zu l\u00f6schen oder die Ver\u00f6ffentlichung zeitweise oder endg\u00fcltig einzustellen.<\/div>\n<\/div>\n<p>&nbsp;<\/p>\n<div class=\"row\">\n<div class=\"col-md-2 col-xs-12\"><a id=\"links\"><\/a><strong>Haftung f\u00fcr Links<\/strong><\/div>\n<div class=\"col-md-10 col-xs-12\">Verweise und Links auf Webseiten Dritter liegen ausserhalb unseres Verantwortungsbereichs Es wird jegliche Verantwortung f\u00fcr solche Webseiten abgelehnt. Der Zugriff und die Nutzung solcher Webseiten erfolgen auf eigene Gefahr des Nutzers oder der Nutzerin.<\/div>\n<\/div>\n<p>&nbsp;<\/p>\n<div class=\"row\">\n<div class=\"col-md-2 col-xs-12\"><a id=\"urheberrechte\"><\/a><strong>Urheberrechte<\/strong><\/div>\n<div class=\"col-md-10 col-xs-12\">Die Urheber- und alle anderen Rechte an Inhalten, Bildern, Fotos oder anderen Dateien auf der Website geh\u00f6ren ausschliesslich der Pfadi Sturmvogel \/ Pfadi Seem\u00f6ve Kreuzlingen oder den speziell genannten Rechtsinhabern. F\u00fcr die Reproduktion jeglicher Elemente ist die schriftliche Zustimmung der Urheberrechtstr\u00e4ger im Voraus einzuholen.<\/div>\n<\/div>\n<p>&nbsp;<\/p>\n<div class=\"row\">\n<div class=\"col-md-2 col-xs-12\"><a id=\"datenschutz\"><\/a><strong>Datenschutz<\/strong><\/div>\n<div class=\"col-md-10 col-xs-12\">Gest\u00fctzt auf Artikel 13 der schweizerischen Bundesverfassung und die datenschutzrechtlichen Bestimmungen des Bundes (Datenschutzgesetz, DSG) hat jede Person Anspruch auf Schutz ihrer Privatsph\u00e4re sowie auf Schutz vor Missbrauch ihrer pers\u00f6nlichen Daten. Wir halten diese Bestimmungen ein. Pers\u00f6nliche Daten werden streng vertraulich behandelt und weder an Dritte verkauft noch weiter gegeben.<br \/>\nIn enger Zusammenarbeit mit unseren Hosting-Providern bem\u00fchen wir uns, die Datenbanken so gut wie m\u00f6glich vor fremden Zugriffen, Verlusten, Missbrauch oder vor F\u00e4lschung zu sch\u00fctzen.<br \/>\nBeim Zugriff auf unsere Webseiten werden folgende Daten in Logfiles gespeichert: IP-Adresse, Datum, Uhrzeit, Browser-Anfrage und allg. \u00fcbertragene Informationen zum Betriebssystem resp. Browser.<\/div>\n<\/div>\n","protected":false},"excerpt":{"rendered":"<p>Kontaktadresse Webmaster Haftungsausschluss Haftung f\u00fcr Links Urheberrechte Datenschutz &nbsp; Kontaktadresse Pfadi Sturmvogel Kreuzlingen M\u00fchlestr. 16 8280 Kreuzlingen Schweiz &nbsp; Webmaster webmaster@pfadi-kreuzlingen.ch &nbsp; Haftungsausschluss Der Autor \u00fcbernimmt keinerlei Gew\u00e4hr hinsichtlich der [&hellip;]<\/p>\n","protected":false},"author":3,"featured_media":0,"parent":0,"menu_order":0,"comment_status":"closed","ping_status":"closed","template":"","meta":{"footnotes":""},"class_list":["post-112","page","type-page","status-publish","hentry"],"_links":{"self":[{"href":"https:\/\/www.pfadi-kreuzlingen.ch\/cms\/wp-json\/wp\/v2\/pages\/112","targetHints":{"allow":["GET"]}}],"collection":[{"href":"https:\/\/www.pfadi-kreuzlingen.ch\/cms\/wp-json\/wp\/v2\/pages"}],"about":[{"href":"https:\/\/www.pfadi-kreuzlingen.ch\/cms\/wp-json\/wp\/v2\/types\/page"}],"author":[{"embeddable":true,"href":"https:\/\/www.pfadi-kreuzlingen.ch\/cms\/wp-json\/wp\/v2\/users\/3"}],"replies":[{"embeddable":true,"href":"https:\/\/www.pfadi-kreuzlingen.ch\/cms\/wp-json\/wp\/v2\/comments?post=112"}],"version-history":[{"count":13,"href":"https:\/\/www.pfadi-kreuzlingen.ch\/cms\/wp-json\/wp\/v2\/pages\/112\/revisions"}],"predecessor-version":[{"id":923,"href":"https:\/\/www.pfadi-kreuzlingen.ch\/cms\/wp-json\/wp\/v2\/pages\/112\/revisions\/923"}],"wp:attachment":[{"href":"https:\/\/www.pfadi-kreuzlingen.ch\/cms\/wp-json\/wp\/v2\/media?parent=112"}],"curies":[{"name":"wp","href":"https:\/\/api.w.org\/{rel}","templated":true}]}}