{"id":16,"date":"2015-02-05T20:50:52","date_gmt":"2015-02-05T20:50:52","guid":{"rendered":"http:\/\/new.sturmvogel.ch\/?page_id=16"},"modified":"2026-01-25T15:22:12","modified_gmt":"2026-01-25T14:22:12","slug":"schnuppern","status":"publish","type":"page","link":"https:\/\/www.pfadi-kreuzlingen.ch\/cms\/schnuppern\/","title":{"rendered":"Schnuppern"},"content":{"rendered":"\n<p>Wir freuen uns immer \u00fcber viele neue Gesichter in der Pfadi und laden euch herzlich ein, einen Nachmittag (oder mehrere) bei uns reinzuschnuppern.<\/p>\n\n\n\n<p>Die Infos zu den Aktivit\u00e4ten k\u00f6nnt ihr jeweils ab donnerstagabend auf unserer Homepage unter dem Punkt &#8222;Programm&#8220; finden. Dort klickt ihr einfach auf die eurem Alter entsprechende Stufe (siehe Tabelle unten) bei den Seem\u00f6ven (M\u00e4dchen) oder Sturmv\u00f6geln (Jungs).<\/p>\n\n\n\n<p>Bis bald!<\/p>\n\n\n\n<p><\/p>\n\n\n\n<p>Wir sind nach Jungs und M\u00e4dchen sowie nach Alter in verschiedene Stufen unterteilt. In der nachfolgenden Tabelle kannst du herausfinden, welche Stufe f\u00fcr dich geeignet ist:<\/p>\n\n\n\n<div class=\"row\">\n<div class=\"col-md-4 col-xs-12\"><\/div>\n<div class=\"col-md-4 col-xs-12\">\n<table class=\"table table-striped\">\n<tbody>\n<tr>\n<td style=\"width: 83px;\" align=\"right\">5-6 Jahre<\/td>\n<td style=\"width: 77px;\"><a href=\"http:\/\/www.pfadi-kreuzlingen.ch\/cms\/stufen\/biberstufe\/\">Biberstufe<\/a><\/td>\n<\/tr>\n<tr>\n<td style=\"width: 83px;\" align=\"right\">6-10 Jahre<\/td>\n<td style=\"width: 77px;\"><a href=\"http:\/\/www.pfadi-kreuzlingen.ch\/cms\/stufen\/wolfsstufe\/\">Wolfsstufe<\/a><\/td>\n<\/tr>\n<tr>\n<td style=\"width: 83px;\" align=\"right\">10-14 Jahre<\/td>\n<td style=\"width: 77px;\"><a href=\"http:\/\/www.pfadi-kreuzlingen.ch\/cms\/stufen\/pfadistufe\/\">Pfadistufe<\/a><\/td>\n<\/tr>\n<tr>\n<td style=\"width: 83px;\" align=\"right\">14-17 Jahre<\/td>\n<td style=\"width: 77px;\"><a href=\"http:\/\/www.pfadi-kreuzlingen.ch\/cms\/stufen\/piostufe\/\">Piostufe<\/a><\/td>\n<\/tr>\n<tr>\n<td style=\"width: 83px;\" align=\"right\">ab 17 Jahre<\/td>\n<td style=\"width: 77px;\"><a href=\"http:\/\/www.pfadi-kreuzlingen.ch\/cms\/stufen\/roverstufe\/\/\">Roverstufe<\/a><\/td>\n<\/tr>\n<\/tbody>\n<\/table>\n<\/div>\n<div class=\"col-sm-4 col-xs-12\"><\/div>\n<\/div>\n\n\n\n<p>Die Jungs nennen sich Sturmvogel und sind im <a href=\"http:\/\/www.pfadi-kreuzlingen.ch\/cms\/pfadiheime\/alte-muehle\/\">Pfadiheim \u201eAlte M\u00fchle\u201c<\/a>&nbsp;zuhause. Das&nbsp;<a href=\"http:\/\/www.pfadi-kreuzlingen.ch\/cms\/pfadiheime\/schmitte\/\">Pfadiheim \u201ezur Schmitte\u201c<\/a> ist das Pfadiheim der M\u00e4dchen, den sogenannten Seem\u00f6ven.<\/p>\n\n\n\n<p>Wenn du nun bei uns reinschnuppern m\u00f6chtest, schaust du am besten bei den Anschlagskasten der entsprechenden Stufe vorbei, um zu sehen wo und wann sich die Gruppe das n\u00e4chste Mal trifft.<\/p>\n\n\n\n<p>Einen guten Einblick gibt es in der nachfolgenden Brosch\u00fcre \u00fcber die Pfadi Kreuzlingen:<\/p>\n\n\n\n<div class=\"wp-block-button\"><a class=\"wp-block-button__link has-very-dark-gray-color has-very-light-gray-background-color has-text-color has-background no-border-radius wp-element-button\" href=\"https:\/\/www.pfadi-kreuzlingen.ch\/cms\/wp-content\/uploads\/2018\/12\/Infobroschuere_Pfadi_Kreuzlingen_compr.pdf\" target=\"_blank\" rel=\"noreferrer noopener\">Infobrosch\u00fcre Pfadi Kreuzlingen<\/a><\/div>\n\n\n\n<p>Die einzige Voraussetzung ist, dass du bereits drei Mal an einer Pfadiaktivit\u00e4t teilgenommen hast und es dir dabei Spass gemacht hat. Auch bist du bereit regelm\u00e4ssig an den Aktivit\u00e4ten teilzunehmen!<\/p>\n\n\n\n<p>Um l\u00e4ngere Zeit aktiv bei der Pfadi dabei zu sein ben\u00f6tigst du eine Beitrittserkl\u00e4rung.<\/p>\n\n\n\n<h3 class=\"wp-block-heading\">Beitrittserkl\u00e4rungen<\/h3>\n\n\n\n\n\n<div class=\"wp-block-columns has-2-columns is-layout-flex wp-container-core-columns-is-layout-9d6595d7 wp-block-columns-is-layout-flex\">\n<div class=\"wp-block-column is-layout-flow wp-block-column-is-layout-flow\">\n<div class=\"wp-block-button\"><a class=\"wp-block-button__link has-very-dark-gray-color has-very-light-gray-background-color has-text-color has-background no-border-radius wp-element-button\" href=\"https:\/\/www.pfadi-kreuzlingen.ch\/cms\/wp-content\/uploads\/2022\/01\/Beitrittserkla\u0308rung_Sturmvogel.pdf\" target=\"_blank\" rel=\"noreferrer noopener\">Beitrittserkl\u00e4rung Pfadi Sturmvogel (Jungs)<\/a><\/div>\n<\/div>\n\n\n\n<div class=\"wp-block-column is-layout-flow wp-block-column-is-layout-flow\">\n<div class=\"wp-block-button\"><a class=\"wp-block-button__link has-very-dark-gray-color has-very-light-gray-background-color has-text-color has-background no-border-radius wp-element-button\" href=\"https:\/\/www.pfadi-kreuzlingen.ch\/cms\/wp-content\/uploads\/2026\/01\/Beitrittserklaerung-SM-neu.pdf\" target=\"_blank\" rel=\"noreferrer noopener\">Beitrittserkl\u00e4rung Pfadi Seem\u00f6ve (M\u00e4dchen)<\/a><\/div>\n\n\n<\/div>\n<\/div>\n\n\n\n<p>Die Beitrittserkl\u00e4rung ist wichtig, damit du auch offiziell bei uns im Verein dabei bist und alle n\u00f6tigen Informationen zu den coolen Anl\u00e4ssen und Aktivit\u00e4ten erh\u00e4ltst!<\/p>\n\n\n\n<p>Der finanzielle Beitrag f\u00fcr ein Jahr bel\u00e4uft sich bei der Pfadi Seem\u00f6ve auf 70.- SFr. und bei der Pfadi Sturmvogel auf 80 SFr.<\/p>\n\n\n\n<p>Gerne stellen wir dir auch unsere Statuten bereit, damit du auch siehst auf was du dich einl\u00e4sst:<br><\/p>\n\n\n\n<div class=\"wp-block-columns has-2-columns is-layout-flex wp-container-core-columns-is-layout-9d6595d7 wp-block-columns-is-layout-flex\">\n<div class=\"wp-block-column is-layout-flow wp-block-column-is-layout-flow\">\n\n\n<div class=\"wp-block-button\"><a class=\"wp-block-button__link has-very-dark-gray-color has-very-light-gray-background-color has-text-color has-background no-border-radius wp-element-button\" href=\"https:\/\/www.pfadi-kreuzlingen.ch\/cms\/wp-content\/uploads\/2018\/05\/Statuten_Pfadi_Sturmvogel.pdf\" target=\"_blank\" rel=\"noreferrer noopener\">Statuten Pfadi Sturmvogel<\/a><\/div>\n<\/div>\n\n\n\n<div class=\"wp-block-column is-layout-flow wp-block-column-is-layout-flow\">\n<div class=\"wp-block-button\"><a class=\"wp-block-button__link has-very-dark-gray-color has-very-light-gray-background-color has-text-color has-background no-border-radius wp-element-button\" href=\"https:\/\/www.pfadi-kreuzlingen.ch\/cms\/wp-content\/uploads\/2019\/03\/Statuten-Pfadi-Seem\u00f6ve-Kreiuzlingen.pdf\" target=\"_blank\" rel=\"noreferrer noopener\">Statuten Pfadi Seem\u00f6ve<\/a><\/div>\n<\/div>\n<\/div>\n\n\n\n<p>Wir freuen uns auf dich\u2026<\/p>\n\n\n\n<p>die Pfadileiter und -leiterinnen der Abteilungen Sturmvogel und Seem\u00f6ve Kreuzlingen<\/p>\n\n\n","protected":false},"excerpt":{"rendered":"<p>Wir freuen uns immer \u00fcber viele neue Gesichter in der Pfadi und laden euch herzlich ein, einen Nachmittag (oder mehrere) bei uns reinzuschnuppern. Die Infos zu den Aktivit\u00e4ten k\u00f6nnt ihr [&hellip;]<\/p>\n","protected":false},"author":12,"featured_media":0,"parent":0,"menu_order":0,"comment_status":"closed","ping_status":"closed","template":"","meta":{"footnotes":""},"class_list":["post-16","page","type-page","status-publish","hentry"],"_links":{"self":[{"href":"https:\/\/www.pfadi-kreuzlingen.ch\/cms\/wp-json\/wp\/v2\/pages\/16","targetHints":{"allow":["GET"]}}],"collection":[{"href":"https:\/\/www.pfadi-kreuzlingen.ch\/cms\/wp-json\/wp\/v2\/pages"}],"about":[{"href":"https:\/\/www.pfadi-kreuzlingen.ch\/cms\/wp-json\/wp\/v2\/types\/page"}],"author":[{"embeddable":true,"href":"https:\/\/www.pfadi-kreuzlingen.ch\/cms\/wp-json\/wp\/v2\/users\/12"}],"replies":[{"embeddable":true,"href":"https:\/\/www.pfadi-kreuzlingen.ch\/cms\/wp-json\/wp\/v2\/comments?post=16"}],"version-history":[{"count":112,"href":"https:\/\/www.pfadi-kreuzlingen.ch\/cms\/wp-json\/wp\/v2\/pages\/16\/revisions"}],"predecessor-version":[{"id":3996,"href":"https:\/\/www.pfadi-kreuzlingen.ch\/cms\/wp-json\/wp\/v2\/pages\/16\/revisions\/3996"}],"wp:attachment":[{"href":"https:\/\/www.pfadi-kreuzlingen.ch\/cms\/wp-json\/wp\/v2\/media?parent=16"}],"curies":[{"name":"wp","href":"https:\/\/api.w.org\/{rel}","templated":true}]}}