{"id":45,"date":"2015-02-07T13:50:46","date_gmt":"2015-02-07T12:50:46","guid":{"rendered":"http:\/\/new.sturmvogel.ch\/?page_id=45"},"modified":"2021-05-16T09:45:35","modified_gmt":"2021-05-16T07:45:35","slug":"pfadistufe","status":"publish","type":"page","link":"https:\/\/www.pfadi-kreuzlingen.ch\/cms\/stufen\/pfadistufe\/","title":{"rendered":"Pfadistufe"},"content":{"rendered":"<div class=\"row\">\n<div class=\"col-md-8 col-xs-12\">\n<h3>Allzeit Bereit!<\/h3>\n<p>Das ist das Motto der Pfadistufe. Es ist mit Sicherheit eine der Vielf\u00e4ltigsten aller Stufen, die ein Pfadi durchlebt. Erst gerade W\u00f6lfli gewesen, kann er nun endlich bei den Grossen mitmischen, Feuer machen, eine Seilbr\u00fccke bauen und die Ehre seines F\u00e4hnlis in einem Gel\u00e4ndespiel verteidigen.<br \/>\nWas? Der verr\u00fcckte Professor hat schon wieder das Raum-Zeit-Kontinuum verschoben und die Welt in die Steinzeit zur\u00fcckversetzt? Kein Problem, sobald die Pfader ihr Samariter-Wissen an \u00d6tzi\u2019s gebrochenem Bein gezeigt haben, machen sie sich auf die Suche nach dem n\u00e4chsten Wurmloch um wieder zur\u00fcck in die Zukunft zu gelangen. Zum Gl\u00fcck k\u00f6nnen sie mit Karte und Kompass umgehen.<\/p>\n<\/div>\n<div class=\"col-md-4 col-xs-12\">\n<h3><img loading=\"lazy\" decoding=\"async\" class=\"wp-image-384 size-medium aligncenter img-responsive\" src=\"https:\/\/www.pfadi-kreuzlingen.ch\/cms\/wp-content\/uploads\/2015\/02\/IMG_4292-300x225.jpg\" alt=\"Sommerlager 2013\" width=\"300\" height=\"225\" srcset=\"https:\/\/www.pfadi-kreuzlingen.ch\/cms\/wp-content\/uploads\/2015\/02\/IMG_4292-300x225.jpg 300w, https:\/\/www.pfadi-kreuzlingen.ch\/cms\/wp-content\/uploads\/2015\/02\/IMG_4292-768x576.jpg 768w, https:\/\/www.pfadi-kreuzlingen.ch\/cms\/wp-content\/uploads\/2015\/02\/IMG_4292-1024x768.jpg 1024w, https:\/\/www.pfadi-kreuzlingen.ch\/cms\/wp-content\/uploads\/2015\/02\/IMG_4292-600x450.jpg 600w, https:\/\/www.pfadi-kreuzlingen.ch\/cms\/wp-content\/uploads\/2015\/02\/IMG_4292.jpg 1280w\" sizes=\"auto, (max-width: 300px) 100vw, 300px\" \/><\/h3>\n<\/div>\n<\/div>\n<p>Die Jahres-Highlights eines Pfaders sind nat\u00fcrlich das 3-4 t\u00e4gige Pfingstlager und das zweiw\u00f6chige Sommerlager. Fernab von den besserwisserischen Eltern und der stressigen Schule, kann er mal so richtig Frei draussen in der Natur leben. Ob beim Bauen des 8m hohen Lagerturms, am Lagerfeuer, beim Nachtprogramm, der Zwei-Tages-Wanderung oder dem Kochen \u00fcber dem offenen Feuer, es hat bestimmt f\u00fcr jeden Geschmack etwas dabei. Und wer noch keinen Pfadinamen hat, darf sich auf eine erinnerungsw\u00fcrdige Taufe freuen.<\/p>\n<p>Du bist noch nicht in der Pfadi? Dann wird\u2019s wohl Zeit, nicht das du noch was verpasst!<\/p>\n<h3>Leitungsteam Sturmvogel<\/h3>\n<p><div class=\"row\"><!-- Style Visitenkarte mit Bild \"vcardmbild\" -->\n\n<div class=\"col-xs-12 col-md-5\">\n<div class=\"panel panel-default\">\n<div class=\"panel-heading\">\n<h3 class=\"panel-title\">Stufenleiter<\/h3>\n<\/div>\n<div class=\"panel-body\">\n<div class=\"col-xs-5 col-md-5\">\n<div style=\"object-fit: contain; height: 8em;\">\n<img decoding=\"async\" class=\"img-responsive mx-auto\" style=\"max-height: 8em\" src=\"https:\/\/www.pfadi-kreuzlingen.ch\/cms\/wp-content\/uploads\/2020\/01\/Pleg.jpg\" src=\"Bild von Pleg\">\n<\/div><\/div>\n<div class=\"col-xs-7 col-md-7\"><b>Nils Wolfender  v\/o Pleg<\/b><br>\n<!--Rebenstr. 10<br>\nCH - 8280 Kreuzlingen<br>-->\n<a href=\"mailto:pleg@sturmvogel.ch\">E-Mail<\/a><\/div>\n<\/div>\n<\/div>\n<\/div>\n\n<\/div><br \/>\n<div class=\"row\"><!-- Style Karte mit Bild \"cardmbild\" -->\n\n<div class=\"col-xs-12 col-md-5\">\n<div class=\"panel panel-default\">\n<div class=\"panel-body\">\n<div class=\"col-xs-5 col-md-5\">\n<div style=\"object-fit: contain; height: 8em;\">\n<img decoding=\"async\" class=\"img-responsive mx-auto\" style=\"max-height: 8em\" src=\"https:\/\/www.pfadi-kreuzlingen.ch\/cms\/wp-content\/uploads\/2023\/02\/Goofy_2023-scaled.jpg\" src=\"Bild von Goofy\"><\/div>\n<\/div>\n<div class=\"col-xs-7 col-md-7\"><b>Julian Hofer  v\/o Goofy<\/b><br>\n<!--Ilgenstr. 27a<br>\nCH - 8280 Kreuzlingen<br>-->\n<a href=\"mailto:goofy@sturmvogel.ch\">E-Mail<\/a><\/div>\n<\/div>\n<\/div>\n<\/div>\n\n<!-- Style Karte mit Bild \"cardmbild\" -->\n\n<div class=\"col-xs-12 col-md-5\">\n<div class=\"panel panel-default\">\n<div class=\"panel-body\">\n<div class=\"col-xs-5 col-md-5\">\n<div style=\"object-fit: contain; height: 8em;\">\n<img decoding=\"async\" class=\"img-responsive mx-auto\" style=\"max-height: 8em\" src=\"https:\/\/www.pfadi-kreuzlingen.ch\/cms\/wp-content\/uploads\/2022\/01\/XT-3_0114-scaled.jpg\" src=\"Bild von Kaiman\"><\/div>\n<\/div>\n<div class=\"col-xs-7 col-md-7\"><b>Jonas Weihrich  v\/o Kaiman<\/b><br>\n<!--Egelseestr. 46<br>\nCH - 8280 Kreuzlingen<br>-->\n<a href=\"mailto:kaiman@sturmvogel.ch\">E-Mail<\/a><\/div>\n<\/div>\n<\/div>\n<\/div>\n\n<!-- Style Karte mit Bild \"cardmbild\" -->\n\n<div class=\"col-xs-12 col-md-5\">\n<div class=\"panel panel-default\">\n<div class=\"panel-body\">\n<div class=\"col-xs-5 col-md-5\">\n<div style=\"object-fit: contain; height: 8em;\">\n<img decoding=\"async\" class=\"img-responsive mx-auto\" style=\"max-height: 8em\" src=\"https:\/\/www.pfadi-kreuzlingen.ch\/cms\/wp-content\/uploads\/2023\/02\/Idefix_2023-scaled.jpg\" src=\"Bild von Idefix\"><\/div>\n<\/div>\n<div class=\"col-xs-7 col-md-7\"><b>Vinzenz Beck  v\/o Idefix<\/b><br>\n<!--<br>\n - 0 <br>-->\n<a href=\"mailto:idefix@sturmvogel.ch\">E-Mail<\/a><\/div>\n<\/div>\n<\/div>\n<\/div>\n\n<!-- Style Karte mit Bild \"cardmbild\" -->\n\n<div class=\"col-xs-12 col-md-5\">\n<div class=\"panel panel-default\">\n<div class=\"panel-body\">\n<div class=\"col-xs-5 col-md-5\">\n<div style=\"object-fit: contain; height: 8em;\">\n<img decoding=\"async\" class=\"img-responsive mx-auto\" style=\"max-height: 8em\" src=\"https:\/\/www.pfadi-kreuzlingen.ch\/cms\/wp-content\/uploads\/2016\/10\/users.png\" src=\"Bild von Volt\"><\/div>\n<\/div>\n<div class=\"col-xs-7 col-md-7\"><b>Nicola Ilg  v\/o Volt<\/b><br>\n<!--<br>\nCH - 8574 Dettighofen<br>-->\n<a href=\"mailto:volt@sturmvogel.ch\">E-Mail<\/a><\/div>\n<\/div>\n<\/div>\n<\/div>\n\n<!-- Style Karte mit Bild \"cardmbild\" -->\n\n<div class=\"col-xs-12 col-md-5\">\n<div class=\"panel panel-default\">\n<div class=\"panel-body\">\n<div class=\"col-xs-5 col-md-5\">\n<div style=\"object-fit: contain; height: 8em;\">\n<img decoding=\"async\" class=\"img-responsive mx-auto\" style=\"max-height: 8em\" src=\"https:\/\/www.pfadi-kreuzlingen.ch\/cms\/wp-content\/uploads\/2016\/10\/users.png\" src=\"Bild von Vulpes\"><\/div>\n<\/div>\n<div class=\"col-xs-7 col-md-7\"><b>Nino H\u00e4berlin  v\/o Vulpes<\/b><br>\n<!--<br>\nCH - 8598 Bottighofen<br>-->\n<a href=\"mailto:vulpes@sturmvogel.ch\">E-Mail<\/a><\/div>\n<\/div>\n<\/div>\n<\/div>\n\n<\/div><\/p>\n<h3>Leitungsteam Seem\u00f6ve<\/h3>\n<p><div class=\"row\"><!-- Style Visitenkarte mit Bild \"vcardmbild\" -->\n\n<div class=\"col-xs-12 col-md-5\">\n<div class=\"panel panel-default\">\n<div class=\"panel-heading\">\n<h3 class=\"panel-title\">Stufenleiterin<\/h3>\n<\/div>\n<div class=\"panel-body\">\n<div class=\"col-xs-5 col-md-5\">\n<div style=\"object-fit: contain; height: 8em;\">\n<img decoding=\"async\" class=\"img-responsive mx-auto\" style=\"max-height: 8em\" src=\"https:\/\/www.pfadi-kreuzlingen.ch\/cms\/wp-content\/uploads\/2026\/01\/Cera-scaled.jpg\" src=\"Bild von Cera\">\n<\/div><\/div>\n<div class=\"col-xs-7 col-md-7\"><b>Kaja Reich  v\/o Cera<\/b><br>\n<!--Ribistrasse 25a<br>\nCH - 8280 Kreuzlingen<br>-->\n<a href=\"mailto:cera@pfadi-seemoeve.ch\">E-Mail<\/a><\/div>\n<\/div>\n<\/div>\n<\/div>\n\n<\/div><br \/>\n<div class=\"row\"><!-- Style Karte mit Bild \"cardmbild\" -->\n\n<div class=\"col-xs-12 col-md-5\">\n<div class=\"panel panel-default\">\n<div class=\"panel-body\">\n<div class=\"col-xs-5 col-md-5\">\n<div style=\"object-fit: contain; height: 8em;\">\n<img decoding=\"async\" class=\"img-responsive mx-auto\" style=\"max-height: 8em\" src=\"https:\/\/www.pfadi-kreuzlingen.ch\/cms\/wp-content\/uploads\/2019\/02\/Philipp-Erkert_5D3_7314.jpg\" src=\"Bild von Kepaia\"><\/div>\n<\/div>\n<div class=\"col-xs-7 col-md-7\"><b>Seraphine Stephens  v\/o Kepaia<\/b><br>\n<!--Sonnenweg 7<br>\nCH - 8280 Kreuzlingen<br>-->\n<a href=\"mailto:kepaia@pfadi-seemoeve.ch\">E-Mail<\/a><\/div>\n<\/div>\n<\/div>\n<\/div>\n\n<!-- Style Karte mit Bild \"cardmbild\" -->\n\n<div class=\"col-xs-12 col-md-5\">\n<div class=\"panel panel-default\">\n<div class=\"panel-body\">\n<div class=\"col-xs-5 col-md-5\">\n<div style=\"object-fit: contain; height: 8em;\">\n<img decoding=\"async\" class=\"img-responsive mx-auto\" style=\"max-height: 8em\" src=\"https:\/\/www.pfadi-kreuzlingen.ch\/cms\/wp-content\/uploads\/2016\/10\/users.png\" src=\"Bild von Thalia\"><\/div>\n<\/div>\n<div class=\"col-xs-7 col-md-7\"><b>Lilli Leinemann  v\/o Thalia<\/b><br>\n<!--Hauptstasse 49c<br>\nCH - 8280 Kreuzlingen<br>-->\n<a href=\"mailto:thalia@pfadi-seemoeve.ch\">E-Mail<\/a><\/div>\n<\/div>\n<\/div>\n<\/div>\n\n<!-- Style Karte mit Bild \"cardmbild\" -->\n\n<div class=\"col-xs-12 col-md-5\">\n<div class=\"panel panel-default\">\n<div class=\"panel-body\">\n<div class=\"col-xs-5 col-md-5\">\n<div style=\"object-fit: contain; height: 8em;\">\n<img decoding=\"async\" class=\"img-responsive mx-auto\" style=\"max-height: 8em\" src=\"https:\/\/www.pfadi-kreuzlingen.ch\/cms\/wp-content\/uploads\/2026\/03\/Tweety-scaled.jpg\" src=\"Bild von Tweety\"><\/div>\n<\/div>\n<div class=\"col-xs-7 col-md-7\"><b>Mia Sondermann  v\/o Tweety<\/b><br>\n<!--Emmishoferstrasse 20<br>\nCH - 8280 Kreuzlingen<br>-->\n<a href=\"mailto:tweety@pfadi-seemoeve.ch\">E-Mail<\/a><\/div>\n<\/div>\n<\/div>\n<\/div>\n\n<!-- Style Karte mit Bild \"cardmbild\" -->\n\n<div class=\"col-xs-12 col-md-5\">\n<div class=\"panel panel-default\">\n<div class=\"panel-body\">\n<div class=\"col-xs-5 col-md-5\">\n<div style=\"object-fit: contain; height: 8em;\">\n<img decoding=\"async\" class=\"img-responsive mx-auto\" style=\"max-height: 8em\" src=\"https:\/\/www.pfadi-kreuzlingen.ch\/cms\/wp-content\/uploads\/2016\/10\/users.png\" src=\"Bild von Flame\"><\/div>\n<\/div>\n<div class=\"col-xs-7 col-md-7\"><b>Lia Zaugg  v\/o Flame<\/b><br>\n<!--<br>\n - 0 <br>-->\n<a href=\"mailto:\">E-Mail<\/a><\/div>\n<\/div>\n<\/div>\n<\/div>\n\n<!-- Style Karte mit Bild \"cardmbild\" -->\n\n<div class=\"col-xs-12 col-md-5\">\n<div class=\"panel panel-default\">\n<div class=\"panel-body\">\n<div class=\"col-xs-5 col-md-5\">\n<div style=\"object-fit: contain; height: 8em;\">\n<img decoding=\"async\" class=\"img-responsive mx-auto\" style=\"max-height: 8em\" src=\"https:\/\/www.pfadi-kreuzlingen.ch\/cms\/wp-content\/uploads\/2026\/01\/Jalua-scaled.jpg\" src=\"Bild von Jalua\"><\/div>\n<\/div>\n<div class=\"col-xs-7 col-md-7\"><b>Liv Gierszewski  v\/o Jalua<\/b><br>\n<!--Aachstr. 1\r\n<br>\nCH - 8566 Lippoldswilen<br>-->\n<a href=\"mailto:jalua@pfadi-seemoeve.ch\">E-Mail<\/a><\/div>\n<\/div>\n<\/div>\n<\/div>\n\n<!-- Style Karte mit Bild \"cardmbild\" -->\n\n<div class=\"col-xs-12 col-md-5\">\n<div class=\"panel panel-default\">\n<div class=\"panel-body\">\n<div class=\"col-xs-5 col-md-5\">\n<div style=\"object-fit: contain; height: 8em;\">\n<img decoding=\"async\" class=\"img-responsive mx-auto\" style=\"max-height: 8em\" src=\"https:\/\/www.pfadi-kreuzlingen.ch\/cms\/wp-content\/uploads\/2016\/10\/users.png\" src=\"Bild von Meeko\"><\/div>\n<\/div>\n<div class=\"col-xs-7 col-md-7\"><b>Silja Hugentobler  v\/o Meeko<\/b><br>\n<!--Boolwies 4<br>\nCH - 8574 Oberhofen<br>-->\n<a href=\"mailto:meeko@pfadi-seemoeve.ch\">E-Mail<\/a><\/div>\n<\/div>\n<\/div>\n<\/div>\n\n<!-- Style Karte mit Bild \"cardmbild\" -->\n\n<div class=\"col-xs-12 col-md-5\">\n<div class=\"panel panel-default\">\n<div class=\"panel-body\">\n<div class=\"col-xs-5 col-md-5\">\n<div style=\"object-fit: contain; height: 8em;\">\n<img decoding=\"async\" class=\"img-responsive mx-auto\" style=\"max-height: 8em\" src=\"https:\/\/www.pfadi-kreuzlingen.ch\/cms\/wp-content\/uploads\/2016\/10\/users.png\" src=\"Bild von Azara\"><\/div>\n<\/div>\n<div class=\"col-xs-7 col-md-7\"><b>Dibora Fl\u00fcck  v\/o Azara<\/b><br>\n<!--Lohstrasse 23a<br>\nCH - 8280 Kreuzlingen<br>-->\n<a href=\"mailto:azara@pfadi-seemoeve.ch\">E-Mail<\/a><\/div>\n<\/div>\n<\/div>\n<\/div>\n\n<!-- Style Karte mit Bild \"cardmbild\" -->\n\n<div class=\"col-xs-12 col-md-5\">\n<div class=\"panel panel-default\">\n<div class=\"panel-body\">\n<div class=\"col-xs-5 col-md-5\">\n<div style=\"object-fit: contain; height: 8em;\">\n<img decoding=\"async\" class=\"img-responsive mx-auto\" style=\"max-height: 8em\" src=\"https:\/\/www.pfadi-kreuzlingen.ch\/cms\/wp-content\/uploads\/2016\/10\/users.png\" src=\"Bild von Cubbi\"><\/div>\n<\/div>\n<div class=\"col-xs-7 col-md-7\"><b>Yvonne Schl\u00e4pfer  v\/o Cubbi<\/b><br>\n<!--Blumenweg 9<br>\nCH - 8280 Kreuzlingen<br>-->\n<a href=\"mailto:cubbi@pfadi-seemoeve.ch\">E-Mail<\/a><\/div>\n<\/div>\n<\/div>\n<\/div>\n\n<!-- Style Karte mit Bild \"cardmbild\" -->\n\n<div class=\"col-xs-12 col-md-5\">\n<div class=\"panel panel-default\">\n<div class=\"panel-body\">\n<div class=\"col-xs-5 col-md-5\">\n<div style=\"object-fit: contain; height: 8em;\">\n<img decoding=\"async\" class=\"img-responsive mx-auto\" style=\"max-height: 8em\" src=\"https:\/\/www.pfadi-kreuzlingen.ch\/cms\/wp-content\/uploads\/2016\/10\/users.png\" src=\"Bild von Malu\"><\/div>\n<\/div>\n<div class=\"col-xs-7 col-md-7\"><b>Jennifer Metzdorf  v\/o Malu<\/b><br>\n<!--Esslenstrasse 18<br>\nCH - 8280 Kreuzlingen<br>-->\n<a href=\"mailto:malu@pfadi-seemoeve.ch\">E-Mail<\/a><\/div>\n<\/div>\n<\/div>\n<\/div>\n\n<\/div><\/p>\n","protected":false},"excerpt":{"rendered":"<p>Allzeit Bereit! Das ist das Motto der Pfadistufe. Es ist mit Sicherheit eine der Vielf\u00e4ltigsten aller Stufen, die ein Pfadi durchlebt. Erst gerade W\u00f6lfli gewesen, kann er nun endlich bei [&hellip;]<\/p>\n","protected":false},"author":3,"featured_media":0,"parent":24,"menu_order":3,"comment_status":"closed","ping_status":"closed","template":"","meta":{"footnotes":""},"class_list":["post-45","page","type-page","status-publish","hentry"],"_links":{"self":[{"href":"https:\/\/www.pfadi-kreuzlingen.ch\/cms\/wp-json\/wp\/v2\/pages\/45","targetHints":{"allow":["GET"]}}],"collection":[{"href":"https:\/\/www.pfadi-kreuzlingen.ch\/cms\/wp-json\/wp\/v2\/pages"}],"about":[{"href":"https:\/\/www.pfadi-kreuzlingen.ch\/cms\/wp-json\/wp\/v2\/types\/page"}],"author":[{"embeddable":true,"href":"https:\/\/www.pfadi-kreuzlingen.ch\/cms\/wp-json\/wp\/v2\/users\/3"}],"replies":[{"embeddable":true,"href":"https:\/\/www.pfadi-kreuzlingen.ch\/cms\/wp-json\/wp\/v2\/comments?post=45"}],"version-history":[{"count":15,"href":"https:\/\/www.pfadi-kreuzlingen.ch\/cms\/wp-json\/wp\/v2\/pages\/45\/revisions"}],"predecessor-version":[{"id":3647,"href":"https:\/\/www.pfadi-kreuzlingen.ch\/cms\/wp-json\/wp\/v2\/pages\/45\/revisions\/3647"}],"up":[{"embeddable":true,"href":"https:\/\/www.pfadi-kreuzlingen.ch\/cms\/wp-json\/wp\/v2\/pages\/24"}],"wp:attachment":[{"href":"https:\/\/www.pfadi-kreuzlingen.ch\/cms\/wp-json\/wp\/v2\/media?parent=45"}],"curies":[{"name":"wp","href":"https:\/\/api.w.org\/{rel}","templated":true}]}}