{"id":49,"date":"2015-02-07T13:52:20","date_gmt":"2015-02-07T12:52:20","guid":{"rendered":"http:\/\/new.sturmvogel.ch\/?page_id=49"},"modified":"2016-11-04T16:43:12","modified_gmt":"2016-11-04T15:43:12","slug":"roverstufe","status":"publish","type":"page","link":"https:\/\/www.pfadi-kreuzlingen.ch\/cms\/stufen\/roverstufe\/","title":{"rendered":"Roverstufe"},"content":{"rendered":"<div class=\"row\">\n<div class=\"col-md-8 col-xs-12\">\n<p>\nMit 18 Jahren beginnt f\u00fcr die \u00e4lteren Leiter ein neuer Weg: Der \u00dcbertritt in die Roverstufe. Rover organisieren eigene Events, gehen zusammen aus oder nehmen an kantonalen und nationalen Anl\u00e4ssen teil. Hier lebt jeder sein eigenes Leben und bekommt die M\u00f6glichkeit, die zahllosen Freundschaften zu erhalten. Ein Rover kann solange in der Roverstufe mitmachen, wie er m\u00f6chte.<\/p>\n<p>\nIn der Pfadi Sturmvogel Kreuzlingen finden im Jahr rund sechs Anl\u00e4sse statt, die ausschliesslich von Rovern f\u00fcr Rover organisiert werden. Dazu kommen nochmals sechs Anl\u00e4sse, bei denen Rover und Leiter gemeinsam etwas unternehmen \u2013 wie beispielsweise das legend\u00e4re SULA-Vorlager mit den traditionellen Turmbauten.<br \/>\nWie lange ein Rover in einer Leitungsfunktion oder in der Roverstufe ist, ist nicht geregelt. Je nachdem bleibt er der Pfadi bis ans Lebensende in der Ehemaligen Pfadi Kreuzlingen (EPK) treu.\n<\/p>\n<\/div>\n<div class=\"col-md-4 col-xs-12\"><img loading=\"lazy\" decoding=\"async\" class=\"alignnone size-medium wp-image-396\" src=\"https:\/\/www.pfadi-kreuzlingen.ch\/cms\/wp-content\/uploads\/2015\/02\/0149_Bula_Nanuk_0119-300x225.jpg\" alt=\"Turmbau f\u00fcr's Sommerlager\" width=\"300\" height=\"225\" srcset=\"https:\/\/www.pfadi-kreuzlingen.ch\/cms\/wp-content\/uploads\/2015\/02\/0149_Bula_Nanuk_0119-300x225.jpg 300w, https:\/\/www.pfadi-kreuzlingen.ch\/cms\/wp-content\/uploads\/2015\/02\/0149_Bula_Nanuk_0119-768x576.jpg 768w, https:\/\/www.pfadi-kreuzlingen.ch\/cms\/wp-content\/uploads\/2015\/02\/0149_Bula_Nanuk_0119-1024x768.jpg 1024w, https:\/\/www.pfadi-kreuzlingen.ch\/cms\/wp-content\/uploads\/2015\/02\/0149_Bula_Nanuk_0119-600x450.jpg 600w, https:\/\/www.pfadi-kreuzlingen.ch\/cms\/wp-content\/uploads\/2015\/02\/0149_Bula_Nanuk_0119.jpg 1240w\" sizes=\"auto, (max-width: 300px) 100vw, 300px\" \/><\/div>\n<\/div>\n<p>\nViel mehr kann man dazu fast nicht mehr sagen \u2013 man muss es erleben! Daf\u00fcr sprechen die vielen Bilder in der Gallery.<\/p>\n<p><a class=\"btn btn-md btn-info\" class=\"img-responsive\" href=\"http:\/\/pics.sturmvogel.ch\/g3\/index.php\/Rover\" target=\"_blank\">&#9658; Zur Gallery<\/a><\/p>\n<h3>Roverstufenleitung Sturmvogel<\/h3>\n<div class=\"row\"><!-- Style Visitenkarte mit Bild \"vcardmbild\" -->\n\n<div class=\"col-xs-12 col-md-5\">\n<div class=\"panel panel-default\">\n<div class=\"panel-heading\">\n<h3 class=\"panel-title\">Roverstufenleiter<\/h3>\n<\/div>\n<div class=\"panel-body\">\n<div class=\"col-xs-5 col-md-5\">\n<div style=\"object-fit: contain; height: 8em;\">\n<img decoding=\"async\" class=\"img-responsive mx-auto\" style=\"max-height: 8em\" src=\"https:\/\/www.pfadi-kreuzlingen.ch\/cms\/wp-content\/uploads\/2018\/01\/5D3_1176.jpg\" src=\"Bild von Coroja\">\n<\/div><\/div>\n<div class=\"col-xs-7 col-md-7\"><b>Timo Schultz  v\/o Coroja<\/b><br>\n<!--Quellenstrasse 20<br>\nCH - 8280 Kreuzlingen<br>-->\n<a href=\"mailto:coroja@sturmvogel.ch\">E-Mail<\/a><\/div>\n<\/div>\n<\/div>\n<\/div>\n\n<!-- Style Visitenkarte mit Bild \"vcardmbild\" -->\n\n<div class=\"col-xs-12 col-md-5\">\n<div class=\"panel panel-default\">\n<div class=\"panel-heading\">\n<h3 class=\"panel-title\">Roverstufenleiter<\/h3>\n<\/div>\n<div class=\"panel-body\">\n<div class=\"col-xs-5 col-md-5\">\n<div style=\"object-fit: contain; height: 8em;\">\n<img decoding=\"async\" class=\"img-responsive mx-auto\" style=\"max-height: 8em\" src=\"https:\/\/www.pfadi-kreuzlingen.ch\/cms\/wp-content\/uploads\/2016\/10\/users.png\" src=\"Bild von Flip-Flop\">\n<\/div><\/div>\n<div class=\"col-xs-7 col-md-7\"><b>Lukas Lott  v\/o Flip-Flop<\/b><br>\n<!--Rosgartenstr. 18<br>\nCH - 8570 Weinfelden<br>-->\n<a href=\"mailto:flip-flop@sturmvogel.ch\">E-Mail<\/a><\/div>\n<\/div>\n<\/div>\n<\/div>\n\n<\/div>\n<h3>Roverstufenleitung Seem\u00f6ve<\/h3>\n<div class=\"row\"><!-- Style Visitenkarte mit Bild \"vcardmbild\" -->\n\n<div class=\"col-xs-12 col-md-5\">\n<div class=\"panel panel-default\">\n<div class=\"panel-heading\">\n<h3 class=\"panel-title\">Roverstufenleiterin<\/h3>\n<\/div>\n<div class=\"panel-body\">\n<div class=\"col-xs-5 col-md-5\">\n<div style=\"object-fit: contain; height: 8em;\">\n<img decoding=\"async\" class=\"img-responsive mx-auto\" style=\"max-height: 8em\" src=\"https:\/\/www.pfadi-kreuzlingen.ch\/cms\/wp-content\/uploads\/2019\/02\/Philipp-Erkert_5D3_7276.jpg\" src=\"Bild von Elenya\">\n<\/div><\/div>\n<div class=\"col-xs-7 col-md-7\"><b>Janina Somm  v\/o Elenya<\/b><br>\n<!--Langhaldenstr. 45<br>\nCH - 8280 Kreuzlingen<br>-->\n<a href=\"mailto:elenya@pfadi-seemoeve.ch\">E-Mail<\/a><\/div>\n<\/div>\n<\/div>\n<\/div>\n\n<!-- Style Visitenkarte mit Bild \"vcardmbild\" -->\n\n<div class=\"col-xs-12 col-md-5\">\n<div class=\"panel panel-default\">\n<div class=\"panel-heading\">\n<h3 class=\"panel-title\">Roverstufenleiterin<\/h3>\n<\/div>\n<div class=\"panel-body\">\n<div class=\"col-xs-5 col-md-5\">\n<div style=\"object-fit: contain; height: 8em;\">\n<img decoding=\"async\" class=\"img-responsive mx-auto\" style=\"max-height: 8em\" src=\"https:\/\/www.pfadi-kreuzlingen.ch\/cms\/wp-content\/uploads\/2019\/02\/Philipp-Erkert_5D3_7316.jpg\" src=\"Bild von Swala\">\n<\/div><\/div>\n<div class=\"col-xs-7 col-md-7\"><b>Ana Br\u00e4ndli  v\/o Swala<\/b><br>\n<!--Unterseestrasse 35<br>\nCH - 8280 Kreuzlingen<br>-->\n<a href=\"mailto:swala@pfadi-seemoeve.ch\">E-Mail<\/a><\/div>\n<\/div>\n<\/div>\n<\/div>\n\n<\/div>\n","protected":false},"excerpt":{"rendered":"<p>Mit 18 Jahren beginnt f\u00fcr die \u00e4lteren Leiter ein neuer Weg: Der \u00dcbertritt in die Roverstufe. Rover organisieren eigene Events, gehen zusammen aus oder nehmen an kantonalen und nationalen Anl\u00e4ssen [&hellip;]<\/p>\n","protected":false},"author":3,"featured_media":0,"parent":24,"menu_order":5,"comment_status":"closed","ping_status":"closed","template":"","meta":{"footnotes":""},"class_list":["post-49","page","type-page","status-publish","hentry"],"_links":{"self":[{"href":"https:\/\/www.pfadi-kreuzlingen.ch\/cms\/wp-json\/wp\/v2\/pages\/49","targetHints":{"allow":["GET"]}}],"collection":[{"href":"https:\/\/www.pfadi-kreuzlingen.ch\/cms\/wp-json\/wp\/v2\/pages"}],"about":[{"href":"https:\/\/www.pfadi-kreuzlingen.ch\/cms\/wp-json\/wp\/v2\/types\/page"}],"author":[{"embeddable":true,"href":"https:\/\/www.pfadi-kreuzlingen.ch\/cms\/wp-json\/wp\/v2\/users\/3"}],"replies":[{"embeddable":true,"href":"https:\/\/www.pfadi-kreuzlingen.ch\/cms\/wp-json\/wp\/v2\/comments?post=49"}],"version-history":[{"count":14,"href":"https:\/\/www.pfadi-kreuzlingen.ch\/cms\/wp-json\/wp\/v2\/pages\/49\/revisions"}],"predecessor-version":[{"id":1231,"href":"https:\/\/www.pfadi-kreuzlingen.ch\/cms\/wp-json\/wp\/v2\/pages\/49\/revisions\/1231"}],"up":[{"embeddable":true,"href":"https:\/\/www.pfadi-kreuzlingen.ch\/cms\/wp-json\/wp\/v2\/pages\/24"}],"wp:attachment":[{"href":"https:\/\/www.pfadi-kreuzlingen.ch\/cms\/wp-json\/wp\/v2\/media?parent=49"}],"curies":[{"name":"wp","href":"https:\/\/api.w.org\/{rel}","templated":true}]}}