{"id":92,"date":"2015-02-07T14:27:19","date_gmt":"2015-02-07T14:27:19","guid":{"rendered":"http:\/\/new.sturmvogel.ch\/?page_id=92"},"modified":"2016-11-02T15:30:28","modified_gmt":"2016-11-02T14:30:28","slug":"pfadiheime","status":"publish","type":"page","link":"https:\/\/www.pfadi-kreuzlingen.ch\/cms\/pfadiheime\/","title":{"rendered":"Pfadiheime"},"content":{"rendered":"<p>In Kreuzlingen gibt es zwei Pfadiheime. Die &#8222;Alte M\u00fchle&#8220; ist das Zuhause der Bubenabteilung Sturmvogel, die &#8222;Schmitte&#8220; das Heim der M\u00e4dchenabteilung Seem\u00f6ve.<br \/>\nBeide Pfadiheime werden an Gruppen f\u00fcr Kurse oder Lager vermietet.<\/p>\n<div class=\"row\">\n<div class=\"col-md-5 col-xs-12 text-xs-center\">\n<h3><a href=\"https:\/\/www.pfadi-kreuzlingen.ch\/cms\/pfadiheime\/alte-muehle\/\">Alte M\u00fchle<\/a><\/h3>\n<p><a href=\"https:\/\/www.pfadi-kreuzlingen.ch\/cms\/pfadiheime\/alte-muehle\/\"><img loading=\"lazy\" decoding=\"async\" class=\"img-responsive aligncenter\" src=\"https:\/\/www.pfadi-kreuzlingen.ch\/cms\/wp-content\/uploads\/2016\/01\/pfadiheim_vorne-300x200.jpg\" alt=\"Pfadiheim Alte M\u00fchle\" width=\"300\" height=\"200\" align=\"middle\" \/><\/a><br \/>\n<a class=\"btn btn-xs btn-info\" href=\"https:\/\/www.pfadi-kreuzlingen.ch\/cms\/pfadiheime\/alte-muehle\/\">\u25ba Details zur &#8222;Alten M\u00fchle&#8220;<\/a><\/p>\n<\/div>\n<div class=\"col-md-2 col-xs-12\"><\/div>\n<div class=\"col-md-5 col-xs-12 text-xs-center\">\n<h3><a href=\"https:\/\/www.pfadi-kreuzlingen.ch\/cms\/pfadiheime\/schmitte\/\">Schmitte<\/a><\/h3>\n<p><a href=\"https:\/\/www.pfadi-kreuzlingen.ch\/cms\/pfadiheime\/schmitte\/\"><img loading=\"lazy\" decoding=\"async\" class=\"img-responsive aligncenter\" src=\"https:\/\/www.pfadi-kreuzlingen.ch\/cms\/wp-content\/uploads\/2016\/11\/schmitt_300200.jpg\" alt=\"Pfadiheim Alte M\u00fchle\" width=\"300\" height=\"200\" align=\"middle\" \/><\/a><br \/>\n<a class=\"btn btn-xs btn-info\" href=\"https:\/\/www.pfadi-kreuzlingen.ch\/cms\/pfadiheime\/schmitte\/\">\u25ba Details zur &#8222;Schmitte&#8220;<\/a>\n<\/div>\n<\/div>\n","protected":false},"excerpt":{"rendered":"<p>In Kreuzlingen gibt es zwei Pfadiheime. Die &#8222;Alte M\u00fchle&#8220; ist das Zuhause der Bubenabteilung Sturmvogel, die &#8222;Schmitte&#8220; das Heim der M\u00e4dchenabteilung Seem\u00f6ve. Beide Pfadiheime werden an Gruppen f\u00fcr Kurse oder [&hellip;]<\/p>\n","protected":false},"author":3,"featured_media":0,"parent":0,"menu_order":0,"comment_status":"closed","ping_status":"closed","template":"","meta":{"footnotes":""},"class_list":["post-92","page","type-page","status-publish","hentry"],"_links":{"self":[{"href":"https:\/\/www.pfadi-kreuzlingen.ch\/cms\/wp-json\/wp\/v2\/pages\/92","targetHints":{"allow":["GET"]}}],"collection":[{"href":"https:\/\/www.pfadi-kreuzlingen.ch\/cms\/wp-json\/wp\/v2\/pages"}],"about":[{"href":"https:\/\/www.pfadi-kreuzlingen.ch\/cms\/wp-json\/wp\/v2\/types\/page"}],"author":[{"embeddable":true,"href":"https:\/\/www.pfadi-kreuzlingen.ch\/cms\/wp-json\/wp\/v2\/users\/3"}],"replies":[{"embeddable":true,"href":"https:\/\/www.pfadi-kreuzlingen.ch\/cms\/wp-json\/wp\/v2\/comments?post=92"}],"version-history":[{"count":21,"href":"https:\/\/www.pfadi-kreuzlingen.ch\/cms\/wp-json\/wp\/v2\/pages\/92\/revisions"}],"predecessor-version":[{"id":1191,"href":"https:\/\/www.pfadi-kreuzlingen.ch\/cms\/wp-json\/wp\/v2\/pages\/92\/revisions\/1191"}],"wp:attachment":[{"href":"https:\/\/www.pfadi-kreuzlingen.ch\/cms\/wp-json\/wp\/v2\/media?parent=92"}],"curies":[{"name":"wp","href":"https:\/\/api.w.org\/{rel}","templated":true}]}}